{"id":981,"date":"2020-06-17T18:42:49","date_gmt":"2020-06-17T21:42:49","guid":{"rendered":"https:\/\/isp9-sfe.infd.edu.ar\/sitio\/?page_id=981"},"modified":"2023-02-03T00:19:57","modified_gmt":"2023-02-03T03:19:57","slug":"inscripcion-a-examenes-finales","status":"publish","type":"page","link":"https:\/\/isp9-sfe.infd.edu.ar\/sitio\/inscripcion-a-examenes-finales\/","title":{"rendered":"INSCRIPCI\u00d3N A EX\u00c1MENES FINALES"},"content":{"rendered":"<p><strong>PROFESORADOS<\/strong><\/p>\n<p><a href=\"https:\/\/isp9-sfe.infd.edu.ar\/sitio\/wp-content\/uploads\/2020\/06\/PERMISO_DE_EXAMEN_PRIM.pdf\" target=\"_blank\" rel=\"noopener\">Profesorado de Educaci\u00f3n Primaria <\/a><\/p>\n<p><a href=\"https:\/\/isp9-sfe.infd.edu.ar\/sitio\/wp-content\/uploads\/2020\/06\/PERMISO_DE_EXAMEN_INIC.pdf\" target=\"_blank\" rel=\"noopener\">Profesorado de Educaci\u00f3n Inicial<\/a><\/p>\n<p><a href=\"https:\/\/isp9-sfe.infd.edu.ar\/sitio\/wp-content\/uploads\/2020\/06\/PERMISO-DE-EXAMEN_ESPECIAL.pdf\" target=\"_blank\" rel=\"noopener\">Profesorado de Educaci\u00f3n Especial en Discapacitados Intelectuales<\/a><\/p>\n<p><strong>TECNICATURAS<\/strong><\/p>\n<p><a href=\"https:\/\/isp9-sfe.infd.edu.ar\/sitio\/wp-content\/uploads\/2020\/06\/PERMISO_DE_EXAMEN_TSARURAL.pdf\" target=\"_blank\" rel=\"noopener\">T\u00e9cnico Superior en Administraci\u00f3n Rural<\/a><\/p>\n<p><a href=\"https:\/\/isp9-sfe.infd.edu.ar\/sitio\/wp-content\/uploads\/2020\/06\/PERMISO_DE_EXAMEN_SOFTWARE.pdf\" target=\"_blank\" rel=\"noopener\">T\u00e9cnico Superior en Desarrollo de Software <\/a><\/p>\n<p><a href=\"https:\/\/isp9-sfe.infd.edu.ar\/sitio\/wp-content\/uploads\/2020\/06\/PERMISO_DE_EXAMEN_GESTION.pdf\" target=\"_blank\" rel=\"noopener\">T\u00e9cnico Superior en Gesti\u00f3n de las Organizaciones<\/a><\/p>\n<p><a href=\"https:\/\/isp9-sfe.infd.edu.ar\/sitio\/wp-content\/uploads\/2023\/02\/Permiso-de-examen-ENFERMERIA.docx\" target=\"_blank\" rel=\"noopener\">T\u00e9cnico Superior en Enfermer\u00eda<\/a><\/p>\n","protected":false},"excerpt":{"rendered":"<p>PROFESORADOS Profesorado de Educaci\u00f3n Primaria Profesorado de Educaci\u00f3n Inicial Profesorado de Educaci\u00f3n Especial en Discapacitados Intelectuales TECNICATURAS T\u00e9cnico Superior en Administraci\u00f3n Rural T\u00e9cnico Superior en Desarrollo de Software T\u00e9cnico Superior en Gesti\u00f3n de las Organizaciones T\u00e9cnico Superior en Enfermer\u00eda<\/p>\n","protected":false},"author":129,"featured_media":0,"parent":0,"menu_order":0,"comment_status":"closed","ping_status":"closed","template":"","meta":[],"acf":[],"_links":{"self":[{"href":"https:\/\/isp9-sfe.infd.edu.ar\/sitio\/wp-json\/wp\/v2\/pages\/981"}],"collection":[{"href":"https:\/\/isp9-sfe.infd.edu.ar\/sitio\/wp-json\/wp\/v2\/pages"}],"about":[{"href":"https:\/\/isp9-sfe.infd.edu.ar\/sitio\/wp-json\/wp\/v2\/types\/page"}],"author":[{"embeddable":true,"href":"https:\/\/isp9-sfe.infd.edu.ar\/sitio\/wp-json\/wp\/v2\/users\/129"}],"replies":[{"embeddable":true,"href":"https:\/\/isp9-sfe.infd.edu.ar\/sitio\/wp-json\/wp\/v2\/comments?post=981"}],"version-history":[{"count":14,"href":"https:\/\/isp9-sfe.infd.edu.ar\/sitio\/wp-json\/wp\/v2\/pages\/981\/revisions"}],"predecessor-version":[{"id":1507,"href":"https:\/\/isp9-sfe.infd.edu.ar\/sitio\/wp-json\/wp\/v2\/pages\/981\/revisions\/1507"}],"wp:attachment":[{"href":"https:\/\/isp9-sfe.infd.edu.ar\/sitio\/wp-json\/wp\/v2\/media?parent=981"}],"curies":[{"name":"wp","href":"https:\/\/api.w.org\/{rel}","templated":true}]}}