{"id":910,"date":"2020-03-26T17:24:29","date_gmt":"2020-03-26T20:24:29","guid":{"rendered":"https:\/\/isp9-sfe.infd.edu.ar\/sitio\/?page_id=910"},"modified":"2023-02-16T18:17:17","modified_gmt":"2023-02-16T21:17:17","slug":"avance-de-carreras","status":"publish","type":"page","link":"https:\/\/isp9-sfe.infd.edu.ar\/sitio\/avance-de-carreras\/","title":{"rendered":"AVANCES DE CARRERAS"},"content":{"rendered":"<p><strong>PROFESORADOS<\/strong><\/p>\n<p><a href=\"https:\/\/isp9-sfe.infd.edu.ar\/sitio\/wp-content\/uploads\/2020\/03\/1-AVANCE-DE-CARRERA-ESPECIAL.docx\">Avance de Carrera Profesorado de Educaci\u00f3n Especial<\/a><\/p>\n<p><a href=\"https:\/\/isp9-sfe.infd.edu.ar\/sitio\/wp-content\/uploads\/2020\/03\/1-AVANCE_DE_CARRERA_INI.docx\">Avance de Carrera Profesorado de Educaci\u00f3n Inicial<\/a><\/p>\n<p><a href=\"https:\/\/isp9-sfe.infd.edu.ar\/sitio\/wp-content\/uploads\/2020\/03\/1-AVANCE_DE_CARRERA_PRIM.docx\">Avance de Carrera Profesorado de Educaci\u00f3n Primaria<\/a><\/p>\n<p><strong>TENICATURAS<\/strong><\/p>\n<p><a href=\"https:\/\/isp9-sfe.infd.edu.ar\/sitio\/wp-content\/uploads\/2020\/03\/1-AVANCE_DE_CARRERA_DESARROLLO.docx\">Avance de Carrera T\u00e9cnico Superior en Desarrollo de Software<\/a><\/p>\n<p><a href=\"https:\/\/isp9-sfe.infd.edu.ar\/sitio\/wp-content\/uploads\/2020\/03\/1-AVANCE_DE_CARRERA_GESTI\u00d3N.docx\">Avance de Carrera T\u00e9cnico Superior en Gesti\u00f3n de las Organizaciones<\/a><\/p>\n<p><a href=\"https:\/\/isp9-sfe.infd.edu.ar\/sitio\/wp-content\/uploads\/2020\/03\/1-AVANCE_DE_CARRERA_TSARURAL.docx\">Avance de Carrera T\u00e9cnico Superior en Administraci\u00f3n Rural<\/a><\/p>\n<p><a href=\"https:\/\/isp9-sfe.infd.edu.ar\/sitio\/wp-content\/uploads\/2023\/02\/1-AVANCE_DE_CARRERA_ENFERMERIA.docx\" target=\"_blank\" rel=\"noopener\">Avance de Carrera T\u00e9cnico Superior en Enfermer\u00eda<\/a><\/p>\n","protected":false},"excerpt":{"rendered":"<p>PROFESORADOS Avance de Carrera Profesorado de Educaci\u00f3n Especial Avance de Carrera Profesorado de Educaci\u00f3n Inicial Avance de Carrera Profesorado de Educaci\u00f3n Primaria TENICATURAS Avance de Carrera T\u00e9cnico Superior en Desarrollo de Software Avance de Carrera T\u00e9cnico Superior en Gesti\u00f3n de las Organizaciones Avance de Carrera T\u00e9cnico Superior en Administraci\u00f3n Rural Avance de Carrera T\u00e9cnico Superior &#8230; <a title=\"AVANCES DE CARRERAS\" class=\"read-more\" href=\"https:\/\/isp9-sfe.infd.edu.ar\/sitio\/avance-de-carreras\/\" aria-label=\"More on AVANCES DE CARRERAS\">[+]<\/a><\/p>\n","protected":false},"author":129,"featured_media":0,"parent":0,"menu_order":0,"comment_status":"closed","ping_status":"closed","template":"","meta":[],"acf":[],"_links":{"self":[{"href":"https:\/\/isp9-sfe.infd.edu.ar\/sitio\/wp-json\/wp\/v2\/pages\/910"}],"collection":[{"href":"https:\/\/isp9-sfe.infd.edu.ar\/sitio\/wp-json\/wp\/v2\/pages"}],"about":[{"href":"https:\/\/isp9-sfe.infd.edu.ar\/sitio\/wp-json\/wp\/v2\/types\/page"}],"author":[{"embeddable":true,"href":"https:\/\/isp9-sfe.infd.edu.ar\/sitio\/wp-json\/wp\/v2\/users\/129"}],"replies":[{"embeddable":true,"href":"https:\/\/isp9-sfe.infd.edu.ar\/sitio\/wp-json\/wp\/v2\/comments?post=910"}],"version-history":[{"count":5,"href":"https:\/\/isp9-sfe.infd.edu.ar\/sitio\/wp-json\/wp\/v2\/pages\/910\/revisions"}],"predecessor-version":[{"id":1511,"href":"https:\/\/isp9-sfe.infd.edu.ar\/sitio\/wp-json\/wp\/v2\/pages\/910\/revisions\/1511"}],"wp:attachment":[{"href":"https:\/\/isp9-sfe.infd.edu.ar\/sitio\/wp-json\/wp\/v2\/media?parent=910"}],"curies":[{"name":"wp","href":"https:\/\/api.w.org\/{rel}","templated":true}]}}