{"id":794,"date":"2018-06-28T17:34:06","date_gmt":"2018-06-28T20:34:06","guid":{"rendered":"https:\/\/isp9-sfe.infd.edu.ar\/sitio\/consejo-academico\/"},"modified":"2026-03-26T07:56:02","modified_gmt":"2026-03-26T10:56:02","slug":"consejo-academico","status":"publish","type":"page","link":"https:\/\/isp9-sfe.infd.edu.ar\/sitio\/consejo-academico\/","title":{"rendered":"Consejo Acad\u00e9mico"},"content":{"rendered":"<p><strong><span style=\"font-family: verdana,geneva;\"><span style=\"font-size: small;\"><span style=\"color: #0000ff;\">DIRECTORA<br \/>\n<\/span>Prof. Susana RODRIGUEZ\u00a0<\/span><\/span><\/strong><\/p>\n<p><strong><span style=\"font-family: verdana,geneva;\"><span style=\"font-size: small;\"><span style=\"color: #0000ff;\">SECRETARIA<br \/>\n<\/span>Mercedes BARRETO<\/span><\/span><\/strong><\/p>\n<p><span style=\"font-family: verdana,geneva;\"><span style=\"font-size: small;\"><span style=\"color: #0000ff;\"><strong>JEFATURAS DE CARRERAS<\/strong><\/span><br \/>\n<\/span><\/span><strong><span style=\"font-size: small; font-family: verdana,geneva;\">DE FORMACI\u00d3N DOCENTE<br \/>\n<strong><span style=\"font-size: small; font-family: verdana,geneva;\">Profesorado de Educaci\u00f3n Primaria: Prof. \u00c9rica MUGA<\/span><\/strong><\/span><\/strong><\/p>\n<p><strong><span style=\"font-size: small; font-family: verdana,geneva;\"><strong><span style=\"font-size: small; font-family: verdana,geneva;\">Profesorado de Educaci\u00f3n Inicial: Prof. Franco VISGARRA\u00a0<\/span><\/strong><\/span><\/strong><\/p>\n<p><strong><span style=\"font-size: small; font-family: verdana,geneva;\">Profesorado de Educaci\u00f3n Especial: Prof. Gonzalo TOLOSA<br \/>\n<\/span><\/strong><\/p>\n<p><span style=\"font-size: small; font-family: verdana,geneva;\"><strong>TECNICATURAS<\/strong><\/span><\/p>\n<p><span style=\"font-family: verdana,geneva;\"><span style=\"font-size: small;\"><strong>T\u00e9cnico Superior en Desarrollo de Software: Prof. Soledad HAIDAR\u00a0<\/strong><\/span><\/span><\/p>\n<p><strong><span style=\"font-size: small; font-family: verdana,geneva;\"><strong><span style=\"font-size: small; font-family: verdana,geneva;\">T\u00e9cnico Superior en Administraci\u00f3n Rural: Prof. El\u00edas BRAVO<br \/>\n<\/span><\/strong><\/span><\/strong><\/p>\n<p><strong><span style=\"font-size: small; font-family: verdana,geneva;\">T\u00e9cnico Superior en Gesti\u00f3n de las Organizaciones: Prof. Mauro MI\u00d1O<br \/>\n<\/span><\/strong><\/p>\n<p><strong><span style=\"font-size: small; font-family: verdana,geneva;\">T\u00e9cnico Superior en Enfermer\u00eda: Prof. Cintia TORRES<br \/>\n<\/span><\/strong><\/p>\n<p><span style=\"font-family: verdana,geneva;\"><span style=\"font-size: small;\"><span style=\"color: #0000ff;\"><strong>J<\/strong><\/span><\/span><\/span><span style=\"font-family: verdana,geneva;\"><span style=\"font-size: small;\"><strong><span style=\"color: #0000ff;\"><strong><strong>EFATURA DE DEPARTAMENTOS<\/strong><\/strong><\/span><\/strong><\/span><\/span><\/p>\n<p><span style=\"font-family: verdana,geneva;\"><span style=\"font-size: small;\"><strong><span style=\"font-family: verdana,geneva;\"><span style=\"font-size: small;\"><span style=\"color: #0000ff;\"><strong><strong><span style=\"font-size: small; color: #000000; font-family: verdana,geneva;\">Investigai\u00f3n Educativa: Prof. Daniela FARIAS<\/span><\/strong><\/strong><\/span><\/span><\/span><\/strong><\/span><\/span><\/p>\n","protected":false},"excerpt":{"rendered":"<p>DIRECTORA Prof. Susana RODRIGUEZ\u00a0 SECRETARIA Mercedes BARRETO JEFATURAS DE CARRERAS DE FORMACI\u00d3N DOCENTE Profesorado de Educaci\u00f3n Primaria: Prof. \u00c9rica MUGA Profesorado de Educaci\u00f3n Inicial: Prof. Franco VISGARRA\u00a0 Profesorado de Educaci\u00f3n Especial: Prof. Gonzalo TOLOSA TECNICATURAS T\u00e9cnico Superior en Desarrollo de Software: Prof. Soledad HAIDAR\u00a0 T\u00e9cnico Superior en Administraci\u00f3n Rural: Prof. El\u00edas BRAVO T\u00e9cnico Superior en &#8230; <a title=\"Consejo Acad\u00e9mico\" class=\"read-more\" href=\"https:\/\/isp9-sfe.infd.edu.ar\/sitio\/consejo-academico\/\" aria-label=\"More on Consejo Acad\u00e9mico\">[+]<\/a><\/p>\n","protected":false},"author":129,"featured_media":0,"parent":0,"menu_order":0,"comment_status":"closed","ping_status":"closed","template":"","meta":[],"acf":[],"_links":{"self":[{"href":"https:\/\/isp9-sfe.infd.edu.ar\/sitio\/wp-json\/wp\/v2\/pages\/794"}],"collection":[{"href":"https:\/\/isp9-sfe.infd.edu.ar\/sitio\/wp-json\/wp\/v2\/pages"}],"about":[{"href":"https:\/\/isp9-sfe.infd.edu.ar\/sitio\/wp-json\/wp\/v2\/types\/page"}],"author":[{"embeddable":true,"href":"https:\/\/isp9-sfe.infd.edu.ar\/sitio\/wp-json\/wp\/v2\/users\/129"}],"replies":[{"embeddable":true,"href":"https:\/\/isp9-sfe.infd.edu.ar\/sitio\/wp-json\/wp\/v2\/comments?post=794"}],"version-history":[{"count":3,"href":"https:\/\/isp9-sfe.infd.edu.ar\/sitio\/wp-json\/wp\/v2\/pages\/794\/revisions"}],"predecessor-version":[{"id":2117,"href":"https:\/\/isp9-sfe.infd.edu.ar\/sitio\/wp-json\/wp\/v2\/pages\/794\/revisions\/2117"}],"wp:attachment":[{"href":"https:\/\/isp9-sfe.infd.edu.ar\/sitio\/wp-json\/wp\/v2\/media?parent=794"}],"curies":[{"name":"wp","href":"https:\/\/api.w.org\/{rel}","templated":true}]}}