{"id":784,"date":"2018-06-28T17:34:02","date_gmt":"2018-06-28T20:34:02","guid":{"rendered":"https:\/\/isp9-sfe.infd.edu.ar\/sitio\/datos-institucionales\/"},"modified":"2023-09-08T14:58:46","modified_gmt":"2023-09-08T17:58:46","slug":"datos-institucionales","status":"publish","type":"page","link":"https:\/\/isp9-sfe.infd.edu.ar\/sitio\/datos-institucionales\/","title":{"rendered":"Datos institucionales"},"content":{"rendered":"<blockquote><p><span style=\"font-size: 14pt;\"><strong>INSTITUTO DE EDUCACI\u00d3N\u00a0<\/strong><\/span><span style=\"font-size: 14pt;\"><strong>SUPERIOR N\u00ba 9\u00a0<\/strong><\/span><\/p>\n<p>TUCUM\u00c1N Y JULIO A. ROCA<\/p>\n<p>HORARIOS DE ATENCI\u00d3N EN SECRETAR\u00cdA: \u00a0\u00a0 7:30 hs. a 11:30 hs.\u00a0 y\u00a0 14:30 hs. a\u00a0 21:00 hs.<\/p>\n<p>TEL\u00c9FONOS:\u00a0\u00a0 03491-471747 \/ 472408<\/p><\/blockquote>\n","protected":false},"excerpt":{"rendered":"<p>INSTITUTO DE EDUCACI\u00d3N\u00a0SUPERIOR N\u00ba 9\u00a0 TUCUM\u00c1N Y JULIO A. ROCA HORARIOS DE ATENCI\u00d3N EN SECRETAR\u00cdA: \u00a0\u00a0 7:30 hs. a 11:30 hs.\u00a0 y\u00a0 14:30 hs. a\u00a0 21:00 hs. TEL\u00c9FONOS:\u00a0\u00a0 03491-471747 \/ 472408<\/p>\n","protected":false},"author":129,"featured_media":0,"parent":0,"menu_order":0,"comment_status":"closed","ping_status":"closed","template":"","meta":[],"acf":[],"_links":{"self":[{"href":"https:\/\/isp9-sfe.infd.edu.ar\/sitio\/wp-json\/wp\/v2\/pages\/784"}],"collection":[{"href":"https:\/\/isp9-sfe.infd.edu.ar\/sitio\/wp-json\/wp\/v2\/pages"}],"about":[{"href":"https:\/\/isp9-sfe.infd.edu.ar\/sitio\/wp-json\/wp\/v2\/types\/page"}],"author":[{"embeddable":true,"href":"https:\/\/isp9-sfe.infd.edu.ar\/sitio\/wp-json\/wp\/v2\/users\/129"}],"replies":[{"embeddable":true,"href":"https:\/\/isp9-sfe.infd.edu.ar\/sitio\/wp-json\/wp\/v2\/comments?post=784"}],"version-history":[{"count":3,"href":"https:\/\/isp9-sfe.infd.edu.ar\/sitio\/wp-json\/wp\/v2\/pages\/784\/revisions"}],"predecessor-version":[{"id":1679,"href":"https:\/\/isp9-sfe.infd.edu.ar\/sitio\/wp-json\/wp\/v2\/pages\/784\/revisions\/1679"}],"wp:attachment":[{"href":"https:\/\/isp9-sfe.infd.edu.ar\/sitio\/wp-json\/wp\/v2\/media?parent=784"}],"curies":[{"name":"wp","href":"https:\/\/api.w.org\/{rel}","templated":true}]}}