{"id":286,"date":"2016-10-31T13:17:59","date_gmt":"2016-10-31T16:17:59","guid":{"rendered":"https:\/\/isp9-sfe.infd.edu.ar\/sitio\/?page_id=286"},"modified":"2026-03-12T08:58:07","modified_gmt":"2026-03-12T11:58:07","slug":"inicio","status":"publish","type":"page","link":"https:\/\/isp9-sfe.infd.edu.ar\/sitio\/","title":{"rendered":"Inicio"},"content":{"rendered":"<h5><img decoding=\"async\" loading=\"lazy\" class=\"alignnone  wp-image-2106\" src=\"https:\/\/isp9-sfe.infd.edu.ar\/sitio\/wp-content\/uploads\/2026\/03\/Propedeutico2026-2-667x1000.jpeg\" alt=\"\" width=\"262\" height=\"393\" srcset=\"https:\/\/isp9-sfe.infd.edu.ar\/sitio\/wp-content\/uploads\/2026\/03\/Propedeutico2026-2-667x1000.jpeg 667w, https:\/\/isp9-sfe.infd.edu.ar\/sitio\/wp-content\/uploads\/2026\/03\/Propedeutico2026-2-768x1152.jpeg 768w, https:\/\/isp9-sfe.infd.edu.ar\/sitio\/wp-content\/uploads\/2026\/03\/Propedeutico2026-2.jpeg 1024w\" sizes=\"(max-width: 262px) 100vw, 262px\" \/><img decoding=\"async\" loading=\"lazy\" class=\"wp-image-1549 alignleft\" src=\"https:\/\/isp9-sfe.infd.edu.ar\/sitio\/wp-content\/uploads\/2023\/03\/ISP9-50A-1000x800.jpeg\" alt=\"\" width=\"476\" height=\"381\" srcset=\"https:\/\/isp9-sfe.infd.edu.ar\/sitio\/wp-content\/uploads\/2023\/03\/ISP9-50A-1000x800.jpeg 1000w, https:\/\/isp9-sfe.infd.edu.ar\/sitio\/wp-content\/uploads\/2023\/03\/ISP9-50A-768x614.jpeg 768w, https:\/\/isp9-sfe.infd.edu.ar\/sitio\/wp-content\/uploads\/2023\/03\/ISP9-50A-1536x1229.jpeg 1536w, https:\/\/isp9-sfe.infd.edu.ar\/sitio\/wp-content\/uploads\/2023\/03\/ISP9-50A.jpeg 1600w\" sizes=\"(max-width: 476px) 100vw, 476px\" \/><\/h5>\n<h5 style=\"text-align: center;\"><em>Instituto de Educaci\u00f3n Superior N\u00ba 9<\/em><\/h5>\n<p>Este Instituto Superior de Formaci\u00f3n Docente forma parte del sistema de educaci\u00f3n p\u00fablica de gesti\u00f3n estatal que aporta al medio recursos humanos para los cuatro niveles de la Educaci\u00f3n: Inicial, Primario, Especial y T\u00e9cnico.<\/p>\n<p style=\"text-align: left;\">Es una entidad que dirige su accionar al fortalecimiento de la cultura y la educaci\u00f3n, que mediante la Resoluci\u00f3n N\u00b0 161\/1994 lleva el nombre de\u00a0Instituto Superior de Profesorado\u00a0N\u00b0 9 \u00abProfesor Jos\u00e9 Mar\u00eda Scalenghe\u00bb en\u00a0homenaje a quien se dedic\u00f3 humana y profesionalmente al quehacer educativo de nuestro medio.<\/p>\n<p style=\"text-align: left;\"><img decoding=\"async\" src=\"https:\/\/isp9-sfe.infd.edu.ar\/sitio\/wp-content\/uploads\/2018\/06\/la_red.jpg\" alt=\"Red virtual\" align=\"left\" border=\"0\" hspace=\"10\" \/>Junto con varios cientos de Institutos, integramos la Red\u00a0Virtual de Institutos Superiores de Formaci\u00f3n Docente\u00a0coordinada por el INFD (Instituto Nacional de Formaci\u00f3n Docente) dependiente del Ministerio de Educaci\u00f3n de la Naci\u00f3n Argentina.<\/p>\n<h2>Actividades varias&#8230;<\/h2>\n<div  class=\"lgc-column lgc-grid-parent lgc-grid-25 lgc-tablet-grid-25 lgc-mobile-grid-100 lgc-equal-heights \"><div  class=\"inside-grid-column\">\n<div id=\"metaslider-id-1908\" style=\"max-width: 200px;\" class=\"ml-slider-3-33-0 metaslider metaslider-coin metaslider-1908 ml-slider ms-theme-default\" role=\"region\" aria-roledescription=\"Slideshow\" aria-label=\"Slideshow\">\n    <div id=\"metaslider_container_1908\">\n        <div id='metaslider_1908' class='coin-slider'>\n<a href=\"javascript:void(0)\" target=\"_self\"><img src=\"https:\/\/isp9-sfe.infd.edu.ar\/sitio\/wp-content\/uploads\/2025\/09\/1-200x150.png\" height=\"150\" width=\"200\" alt=\"\" class=\"slider-1908 slide-1952\" title=\"1\" style=\"display: none;\" \/><\/a>\n<a href=\"javascript:void(0)\" target=\"_self\"><img src=\"https:\/\/isp9-sfe.infd.edu.ar\/sitio\/wp-content\/uploads\/2025\/09\/Autismo01-200x150.jpeg\" height=\"150\" width=\"200\" alt=\"\" class=\"slider-1908 slide-1909\" title=\"Autismo01\" style=\"display: none;\" \/><\/a>\n<a href=\"javascript:void(0)\" target=\"_self\"><img src=\"https:\/\/isp9-sfe.infd.edu.ar\/sitio\/wp-content\/uploads\/2025\/09\/Autismo02-200x150.jpeg\" height=\"150\" width=\"200\" alt=\"\" class=\"slider-1908 slide-1916\" title=\"Autismo02\" style=\"display: none;\" \/><\/a>\n<a href=\"javascript:void(0)\" target=\"_self\"><img src=\"https:\/\/isp9-sfe.infd.edu.ar\/sitio\/wp-content\/uploads\/2025\/09\/Autismo03-200x150.jpeg\" height=\"150\" width=\"200\" alt=\"\" class=\"slider-1908 slide-1917\" title=\"Autismo03\" style=\"display: none;\" \/><\/a>\n<a href=\"javascript:void(0)\" target=\"_self\"><img src=\"https:\/\/isp9-sfe.infd.edu.ar\/sitio\/wp-content\/uploads\/2025\/09\/Autismo05-200x150.jpeg\" height=\"150\" width=\"200\" alt=\"\" class=\"slider-1908 slide-1918\" title=\"Autismo05\" style=\"display: none;\" \/><\/a>\n<a href=\"javascript:void(0)\" target=\"_self\"><img src=\"https:\/\/isp9-sfe.infd.edu.ar\/sitio\/wp-content\/uploads\/2025\/09\/Autismo04-200x150.jpeg\" height=\"150\" width=\"200\" alt=\"\" class=\"slider-1908 slide-2051\" title=\"Autismo04\" style=\"display: none;\" \/><\/a>\n        <\/div>\n        \n    <\/div>\n<\/div>\n<p><\/p><\/div><\/div> <div  class=\"lgc-column lgc-grid-parent lgc-grid-25 lgc-tablet-grid-25 lgc-mobile-grid-100 lgc-equal-heights \"><div  class=\"inside-grid-column\">\n<div id=\"metaslider-id-1965\" style=\"max-width: 200px;\" class=\"ml-slider-3-33-0 metaslider metaslider-coin metaslider-1965 ml-slider ms-theme-default\" role=\"region\" aria-roledescription=\"Slideshow\" aria-label=\"Slideshow\">\n    <div id=\"metaslider_container_1965\">\n        <div id='metaslider_1965' class='coin-slider'>\n<a href=\"javascript:void(0)\" target=\"_self\"><img src=\"https:\/\/isp9-sfe.infd.edu.ar\/sitio\/wp-content\/uploads\/2025\/09\/20DeJunio-01-200x150.jpeg\" height=\"150\" width=\"200\" alt=\"\" class=\"slider-1965 slide-1975\" title=\"20DeJunio-01\" style=\"display: none;\" \/><\/a>\n<a href=\"javascript:void(0)\" target=\"_self\"><img src=\"https:\/\/isp9-sfe.infd.edu.ar\/sitio\/wp-content\/uploads\/2025\/09\/20DeJunio-02-200x150.jpeg\" height=\"150\" width=\"200\" alt=\"\" class=\"slider-1965 slide-1976\" title=\"20DeJunio-02\" style=\"display: none;\" \/><\/a>\n<a href=\"javascript:void(0)\" target=\"_self\"><img src=\"https:\/\/isp9-sfe.infd.edu.ar\/sitio\/wp-content\/uploads\/2025\/09\/20DeJunio-03-200x150.jpeg\" height=\"150\" width=\"200\" alt=\"\" class=\"slider-1965 slide-1977\" title=\"20DeJunio-03\" style=\"display: none;\" \/><\/a>\n<a href=\"javascript:void(0)\" target=\"_self\"><img src=\"https:\/\/isp9-sfe.infd.edu.ar\/sitio\/wp-content\/uploads\/2025\/09\/20DeJunio-04-200x150.jpeg\" height=\"150\" width=\"200\" alt=\"\" class=\"slider-1965 slide-1978\" title=\"20DeJunio-04\" style=\"display: none;\" \/><\/a>\n<a href=\"javascript:void(0)\" target=\"_self\"><img src=\"https:\/\/isp9-sfe.infd.edu.ar\/sitio\/wp-content\/uploads\/2025\/09\/20DeJunio-05-200x150.jpeg\" height=\"150\" width=\"200\" alt=\"\" class=\"slider-1965 slide-1979\" title=\"20DeJunio-05\" style=\"display: none;\" \/><\/a>\n<a href=\"javascript:void(0)\" target=\"_self\"><img src=\"https:\/\/isp9-sfe.infd.edu.ar\/sitio\/wp-content\/uploads\/2025\/09\/20DeJunio-06-200x150.jpeg\" height=\"150\" width=\"200\" alt=\"\" class=\"slider-1965 slide-1980\" title=\"20DeJunio-06\" style=\"display: none;\" \/><\/a>\n<a href=\"javascript:void(0)\" target=\"_self\"><img src=\"https:\/\/isp9-sfe.infd.edu.ar\/sitio\/wp-content\/uploads\/2025\/09\/20DeJunio-07-200x150.jpeg\" height=\"150\" width=\"200\" alt=\"\" class=\"slider-1965 slide-1981\" title=\"20DeJunio-07\" style=\"display: none;\" \/><\/a>\n<a href=\"javascript:void(0)\" target=\"_self\"><img src=\"https:\/\/isp9-sfe.infd.edu.ar\/sitio\/wp-content\/uploads\/2025\/09\/20-deJunio-08-200x150.jpeg\" height=\"150\" width=\"200\" alt=\"\" class=\"slider-1965 slide-1982\" title=\"20-deJunio-08\" style=\"display: none;\" \/><\/a>\n        <\/div>\n        \n    <\/div>\n<\/div>\n<p><\/p><\/div><\/div> <div  class=\"lgc-column lgc-grid-parent lgc-grid-25 lgc-tablet-grid-25 lgc-mobile-grid-100 lgc-equal-heights \"><div  class=\"inside-grid-column\">\n<div id=\"metaslider-id-2055\" style=\"max-width: 200px;\" class=\"ml-slider-3-33-0 metaslider metaslider-coin metaslider-2055 ml-slider ms-theme-default\" role=\"region\" aria-roledescription=\"Slideshow\" aria-label=\"Slideshow\">\n    <div id=\"metaslider_container_2055\">\n        <div id='metaslider_2055' class='coin-slider'>\n<a href=\"javascript:void(0)\" target=\"_self\"><img src=\"https:\/\/isp9-sfe.infd.edu.ar\/sitio\/wp-content\/uploads\/2025\/09\/Ni-una-menos-200x150.png\" height=\"150\" width=\"200\" alt=\"\" class=\"slider-2055 slide-2069\" title=\"Ni una menos\" style=\"display: none;\" \/><\/a>\n<a href=\"javascript:void(0)\" target=\"_self\"><img src=\"https:\/\/isp9-sfe.infd.edu.ar\/sitio\/wp-content\/uploads\/2025\/09\/NiUnaMenos01-200x150.jpeg\" height=\"150\" width=\"200\" alt=\"\" class=\"slider-2055 slide-2062\" title=\"NiUnaMenos01\" style=\"display: none;\" \/><\/a>\n<a href=\"javascript:void(0)\" target=\"_self\"><img src=\"https:\/\/isp9-sfe.infd.edu.ar\/sitio\/wp-content\/uploads\/2025\/09\/NiUnaMenos02-200x150.jpeg\" height=\"150\" width=\"200\" alt=\"\" class=\"slider-2055 slide-2063\" title=\"NiUnaMenos02\" style=\"display: none;\" \/><\/a>\n<a href=\"javascript:void(0)\" target=\"_self\"><img src=\"https:\/\/isp9-sfe.infd.edu.ar\/sitio\/wp-content\/uploads\/2025\/09\/NiUnaMenos03-200x150.jpeg\" height=\"150\" width=\"200\" alt=\"\" class=\"slider-2055 slide-2064\" title=\"NiUnaMenos03\" style=\"display: none;\" \/><\/a>\n<a href=\"javascript:void(0)\" target=\"_self\"><img src=\"https:\/\/isp9-sfe.infd.edu.ar\/sitio\/wp-content\/uploads\/2025\/09\/NiunaMenos04-200x150.jpeg\" height=\"150\" width=\"200\" alt=\"\" class=\"slider-2055 slide-2065\" title=\"NiunaMenos04\" style=\"display: none;\" \/><\/a>\n<a href=\"javascript:void(0)\" target=\"_self\"><img src=\"https:\/\/isp9-sfe.infd.edu.ar\/sitio\/wp-content\/uploads\/2025\/09\/NiUnaMenos05-200x150.jpeg\" height=\"150\" width=\"200\" alt=\"\" class=\"slider-2055 slide-2066\" title=\"NiUnaMenos05\" style=\"display: none;\" \/><\/a>\n<a href=\"javascript:void(0)\" target=\"_self\"><img src=\"https:\/\/isp9-sfe.infd.edu.ar\/sitio\/wp-content\/uploads\/2025\/09\/NiUnaMenos06-200x150.jpeg\" height=\"150\" width=\"200\" alt=\"\" class=\"slider-2055 slide-2067\" title=\"NiUnaMenos06\" style=\"display: none;\" \/><\/a>\n        <\/div>\n        \n    <\/div>\n<\/div>\n<p><\/p><\/div><\/div> <div  class=\"lgc-column lgc-grid-parent lgc-grid-25 lgc-tablet-grid-25 lgc-mobile-grid-100 lgc-equal-heights \"><div  class=\"inside-grid-column\">\n<div id=\"metaslider-id-2072\" style=\"max-width: 200px;\" class=\"ml-slider-3-33-0 metaslider metaslider-coin metaslider-2072 ml-slider ms-theme-default\" role=\"region\" aria-roledescription=\"Slideshow\" aria-label=\"Slideshow\">\n    <div id=\"metaslider_container_2072\">\n        <div id='metaslider_2072' class='coin-slider'>\n<a href=\"javascript:void(0)\" target=\"_self\"><img src=\"https:\/\/isp9-sfe.infd.edu.ar\/sitio\/wp-content\/uploads\/2025\/09\/Muestra-200x150.png\" height=\"150\" width=\"200\" alt=\"\" class=\"slider-2072 slide-2090\" title=\"Muestra\" style=\"display: none;\" \/><\/a>\n<a href=\"javascript:void(0)\" target=\"_self\"><img src=\"https:\/\/isp9-sfe.infd.edu.ar\/sitio\/wp-content\/uploads\/2025\/09\/Muesta08-200x150.jpeg\" height=\"150\" width=\"200\" alt=\"\" class=\"slider-2072 slide-2081\" title=\"Muesta08\" style=\"display: none;\" \/><\/a>\n<a href=\"javascript:void(0)\" target=\"_self\"><img src=\"https:\/\/isp9-sfe.infd.edu.ar\/sitio\/wp-content\/uploads\/2025\/09\/Muestra06-200x150.jpeg\" height=\"150\" width=\"200\" alt=\"\" class=\"slider-2072 slide-2082\" title=\"Muestra06\" style=\"display: none;\" \/><\/a>\n<a href=\"javascript:void(0)\" target=\"_self\"><img src=\"https:\/\/isp9-sfe.infd.edu.ar\/sitio\/wp-content\/uploads\/2025\/09\/Muesta07-200x150.jpeg\" height=\"150\" width=\"200\" alt=\"\" class=\"slider-2072 slide-2083\" title=\"Muesta07\" style=\"display: none;\" \/><\/a>\n<a href=\"javascript:void(0)\" target=\"_self\"><img src=\"https:\/\/isp9-sfe.infd.edu.ar\/sitio\/wp-content\/uploads\/2025\/09\/Muesta01-200x150.jpeg\" height=\"150\" width=\"200\" alt=\"\" class=\"slider-2072 slide-2084\" title=\"Muesta01\" style=\"display: none;\" \/><\/a>\n<a href=\"javascript:void(0)\" target=\"_self\"><img src=\"https:\/\/isp9-sfe.infd.edu.ar\/sitio\/wp-content\/uploads\/2025\/09\/Muesta02-200x150.jpeg\" height=\"150\" width=\"200\" alt=\"\" class=\"slider-2072 slide-2085\" title=\"Muesta02\" style=\"display: none;\" \/><\/a>\n<a href=\"javascript:void(0)\" target=\"_self\"><img src=\"https:\/\/isp9-sfe.infd.edu.ar\/sitio\/wp-content\/uploads\/2025\/09\/Muesta03-200x150.jpeg\" height=\"150\" width=\"200\" alt=\"\" class=\"slider-2072 slide-2086\" title=\"Muesta03\" style=\"display: none;\" \/><\/a>\n<a href=\"javascript:void(0)\" target=\"_self\"><img src=\"https:\/\/isp9-sfe.infd.edu.ar\/sitio\/wp-content\/uploads\/2025\/09\/Muesta04-200x150.jpeg\" height=\"150\" width=\"200\" alt=\"\" class=\"slider-2072 slide-2087\" title=\"Muesta04\" style=\"display: none;\" \/><\/a>\n<a href=\"javascript:void(0)\" target=\"_self\"><img src=\"https:\/\/isp9-sfe.infd.edu.ar\/sitio\/wp-content\/uploads\/2025\/09\/Muestra05-200x150.jpeg\" height=\"150\" width=\"200\" alt=\"\" class=\"slider-2072 slide-2088\" title=\"Muestra05\" style=\"display: none;\" \/><\/a>\n        <\/div>\n        \n    <\/div>\n<\/div>\n<p><\/p><\/div><\/div>\n<div  class=\"lgc-column lgc-grid-parent lgc-grid-33 lgc-tablet-grid-50 lgc-mobile-grid-100 lgc-equal-heights \"><div  class=\"inside-grid-column\">\n<p><img decoding=\"async\" loading=\"lazy\" class=\"wp-image-2039 alignnone\" src=\"https:\/\/isp9-sfe.infd.edu.ar\/sitio\/wp-content\/uploads\/2025\/09\/PEP-707x1000.png\" alt=\"\" width=\"200\" height=\"283\" srcset=\"https:\/\/isp9-sfe.infd.edu.ar\/sitio\/wp-content\/uploads\/2025\/09\/PEP-707x1000.png 707w, https:\/\/isp9-sfe.infd.edu.ar\/sitio\/wp-content\/uploads\/2025\/09\/PEP-1343x1900.png 1343w, https:\/\/isp9-sfe.infd.edu.ar\/sitio\/wp-content\/uploads\/2025\/09\/PEP-768x1086.png 768w, https:\/\/isp9-sfe.infd.edu.ar\/sitio\/wp-content\/uploads\/2025\/09\/PEP-1086x1536.png 1086w, https:\/\/isp9-sfe.infd.edu.ar\/sitio\/wp-content\/uploads\/2025\/09\/PEP.png 1414w\" sizes=\"(max-width: 200px) 100vw, 200px\" \/><\/p>\n<p><\/p><\/div><\/div>\n<div  class=\"lgc-column lgc-grid-parent lgc-grid-33 lgc-tablet-grid-50 lgc-mobile-grid-100 lgc-equal-heights \"><div  class=\"inside-grid-column\">\n<p><img decoding=\"async\" loading=\"lazy\" class=\"wp-image-2038 alignnone\" src=\"https:\/\/isp9-sfe.infd.edu.ar\/sitio\/wp-content\/uploads\/2025\/09\/PEI-707x1000.png\" alt=\"\" width=\"200\" height=\"283\" srcset=\"https:\/\/isp9-sfe.infd.edu.ar\/sitio\/wp-content\/uploads\/2025\/09\/PEI-707x1000.png 707w, https:\/\/isp9-sfe.infd.edu.ar\/sitio\/wp-content\/uploads\/2025\/09\/PEI-1343x1900.png 1343w, https:\/\/isp9-sfe.infd.edu.ar\/sitio\/wp-content\/uploads\/2025\/09\/PEI-768x1086.png 768w, https:\/\/isp9-sfe.infd.edu.ar\/sitio\/wp-content\/uploads\/2025\/09\/PEI-1086x1536.png 1086w, https:\/\/isp9-sfe.infd.edu.ar\/sitio\/wp-content\/uploads\/2025\/09\/PEI.png 1414w\" sizes=\"(max-width: 200px) 100vw, 200px\" \/><\/p>\n<p><\/p><\/div><\/div>\n<div  class=\"lgc-column lgc-grid-parent lgc-grid-33 lgc-tablet-grid-50 lgc-mobile-grid-100 lgc-equal-heights \"><div  class=\"inside-grid-column\">\n<p><img decoding=\"async\" loading=\"lazy\" class=\"alignnone  wp-image-2037\" src=\"https:\/\/isp9-sfe.infd.edu.ar\/sitio\/wp-content\/uploads\/2025\/09\/PEE-707x1000.png\" alt=\"\" width=\"200\" height=\"283\" srcset=\"https:\/\/isp9-sfe.infd.edu.ar\/sitio\/wp-content\/uploads\/2025\/09\/PEE-707x1000.png 707w, https:\/\/isp9-sfe.infd.edu.ar\/sitio\/wp-content\/uploads\/2025\/09\/PEE-1343x1900.png 1343w, https:\/\/isp9-sfe.infd.edu.ar\/sitio\/wp-content\/uploads\/2025\/09\/PEE-768x1086.png 768w, https:\/\/isp9-sfe.infd.edu.ar\/sitio\/wp-content\/uploads\/2025\/09\/PEE-1086x1536.png 1086w, https:\/\/isp9-sfe.infd.edu.ar\/sitio\/wp-content\/uploads\/2025\/09\/PEE.png 1414w\" sizes=\"(max-width: 200px) 100vw, 200px\" \/><\/p>\n<p><\/p><\/div><\/div>\n<div  class=\"lgc-column lgc-grid-parent lgc-grid-25 lgc-tablet-grid-50 lgc-mobile-grid-100 lgc-equal-heights \"><div  class=\"inside-grid-column\">\n<p><img decoding=\"async\" loading=\"lazy\" class=\"alignnone  wp-image-1930\" src=\"https:\/\/isp9-sfe.infd.edu.ar\/sitio\/wp-content\/uploads\/2025\/09\/TSAR-707x1000.png\" alt=\"\" width=\"200\" height=\"283\" srcset=\"https:\/\/isp9-sfe.infd.edu.ar\/sitio\/wp-content\/uploads\/2025\/09\/TSAR-707x1000.png 707w, https:\/\/isp9-sfe.infd.edu.ar\/sitio\/wp-content\/uploads\/2025\/09\/TSAR-1343x1900.png 1343w, https:\/\/isp9-sfe.infd.edu.ar\/sitio\/wp-content\/uploads\/2025\/09\/TSAR-768x1086.png 768w, https:\/\/isp9-sfe.infd.edu.ar\/sitio\/wp-content\/uploads\/2025\/09\/TSAR-1086x1536.png 1086w, https:\/\/isp9-sfe.infd.edu.ar\/sitio\/wp-content\/uploads\/2025\/09\/TSAR.png 1414w\" sizes=\"(max-width: 200px) 100vw, 200px\" \/><\/p>\n<p><\/p><\/div><\/div><div  class=\"lgc-column lgc-grid-parent lgc-grid-25 lgc-tablet-grid-50 lgc-mobile-grid-100 lgc-equal-heights \"><div  class=\"inside-grid-column\">\n<p><img decoding=\"async\" loading=\"lazy\" class=\"alignnone  wp-image-1925\" src=\"https:\/\/isp9-sfe.infd.edu.ar\/sitio\/wp-content\/uploads\/2025\/09\/TSDS-707x1000.png\" alt=\"\" width=\"200\" height=\"283\" srcset=\"https:\/\/isp9-sfe.infd.edu.ar\/sitio\/wp-content\/uploads\/2025\/09\/TSDS-707x1000.png 707w, https:\/\/isp9-sfe.infd.edu.ar\/sitio\/wp-content\/uploads\/2025\/09\/TSDS-1343x1900.png 1343w, https:\/\/isp9-sfe.infd.edu.ar\/sitio\/wp-content\/uploads\/2025\/09\/TSDS-768x1086.png 768w, https:\/\/isp9-sfe.infd.edu.ar\/sitio\/wp-content\/uploads\/2025\/09\/TSDS-1086x1536.png 1086w, https:\/\/isp9-sfe.infd.edu.ar\/sitio\/wp-content\/uploads\/2025\/09\/TSDS.png 1414w\" sizes=\"(max-width: 200px) 100vw, 200px\" \/><\/p>\n<p><\/p><\/div><\/div>\n<div  class=\"lgc-column lgc-grid-parent lgc-grid-25 lgc-tablet-grid-50 lgc-mobile-grid-100 lgc-equal-heights \"><div  class=\"inside-grid-column\">\n<p><img decoding=\"async\" loading=\"lazy\" class=\"alignnone  wp-image-2026\" src=\"https:\/\/isp9-sfe.infd.edu.ar\/sitio\/wp-content\/uploads\/2025\/09\/TSGO-707x1000.png\" alt=\"\" width=\"200\" height=\"283\" srcset=\"https:\/\/isp9-sfe.infd.edu.ar\/sitio\/wp-content\/uploads\/2025\/09\/TSGO-707x1000.png 707w, https:\/\/isp9-sfe.infd.edu.ar\/sitio\/wp-content\/uploads\/2025\/09\/TSGO-1343x1900.png 1343w, https:\/\/isp9-sfe.infd.edu.ar\/sitio\/wp-content\/uploads\/2025\/09\/TSGO-768x1086.png 768w, https:\/\/isp9-sfe.infd.edu.ar\/sitio\/wp-content\/uploads\/2025\/09\/TSGO-1086x1536.png 1086w, https:\/\/isp9-sfe.infd.edu.ar\/sitio\/wp-content\/uploads\/2025\/09\/TSGO.png 1414w\" sizes=\"(max-width: 200px) 100vw, 200px\" \/><\/p>\n<p><\/p><\/div><\/div>\n<div  class=\"lgc-column lgc-grid-parent lgc-grid-25 lgc-tablet-grid-50 lgc-mobile-grid-100 lgc-equal-heights \"><div  class=\"inside-grid-column\">\n<p><img decoding=\"async\" loading=\"lazy\" class=\"alignnone  wp-image-2025\" src=\"https:\/\/isp9-sfe.infd.edu.ar\/sitio\/wp-content\/uploads\/2025\/09\/TSE-707x1000.png\" alt=\"\" width=\"200\" height=\"282\" srcset=\"https:\/\/isp9-sfe.infd.edu.ar\/sitio\/wp-content\/uploads\/2025\/09\/TSE-707x1000.png 707w, https:\/\/isp9-sfe.infd.edu.ar\/sitio\/wp-content\/uploads\/2025\/09\/TSE-1343x1900.png 1343w, https:\/\/isp9-sfe.infd.edu.ar\/sitio\/wp-content\/uploads\/2025\/09\/TSE-768x1086.png 768w, https:\/\/isp9-sfe.infd.edu.ar\/sitio\/wp-content\/uploads\/2025\/09\/TSE-1086x1536.png 1086w, https:\/\/isp9-sfe.infd.edu.ar\/sitio\/wp-content\/uploads\/2025\/09\/TSE.png 1414w\" sizes=\"(max-width: 200px) 100vw, 200px\" \/><\/p>\n<p><\/p><\/div><\/div>\n","protected":false},"excerpt":{"rendered":"<p>Instituto de Educaci\u00f3n Superior N\u00ba 9 Este Instituto Superior de Formaci\u00f3n Docente forma parte del sistema de educaci\u00f3n p\u00fablica de gesti\u00f3n estatal que aporta al medio recursos humanos para los cuatro niveles de la Educaci\u00f3n: Inicial, Primario, Especial y T\u00e9cnico. Es una entidad que dirige su accionar al fortalecimiento de la cultura y la educaci\u00f3n, &#8230; <a title=\"Inicio\" class=\"read-more\" href=\"https:\/\/isp9-sfe.infd.edu.ar\/sitio\/\" aria-label=\"More on Inicio\">[+]<\/a><\/p>\n","protected":false},"author":1,"featured_media":0,"parent":0,"menu_order":0,"comment_status":"closed","ping_status":"closed","template":"","meta":[],"acf":[],"_links":{"self":[{"href":"https:\/\/isp9-sfe.infd.edu.ar\/sitio\/wp-json\/wp\/v2\/pages\/286"}],"collection":[{"href":"https:\/\/isp9-sfe.infd.edu.ar\/sitio\/wp-json\/wp\/v2\/pages"}],"about":[{"href":"https:\/\/isp9-sfe.infd.edu.ar\/sitio\/wp-json\/wp\/v2\/types\/page"}],"author":[{"embeddable":true,"href":"https:\/\/isp9-sfe.infd.edu.ar\/sitio\/wp-json\/wp\/v2\/users\/1"}],"replies":[{"embeddable":true,"href":"https:\/\/isp9-sfe.infd.edu.ar\/sitio\/wp-json\/wp\/v2\/comments?post=286"}],"version-history":[{"count":194,"href":"https:\/\/isp9-sfe.infd.edu.ar\/sitio\/wp-json\/wp\/v2\/pages\/286\/revisions"}],"predecessor-version":[{"id":2114,"href":"https:\/\/isp9-sfe.infd.edu.ar\/sitio\/wp-json\/wp\/v2\/pages\/286\/revisions\/2114"}],"wp:attachment":[{"href":"https:\/\/isp9-sfe.infd.edu.ar\/sitio\/wp-json\/wp\/v2\/media?parent=286"}],"curies":[{"name":"wp","href":"https:\/\/api.w.org\/{rel}","templated":true}]}}