{"id":1843,"date":"2024-10-25T10:53:04","date_gmt":"2024-10-25T13:53:04","guid":{"rendered":"https:\/\/isp9-sfe.infd.edu.ar\/sitio\/?page_id=1843"},"modified":"2024-10-25T10:57:45","modified_gmt":"2024-10-25T13:57:45","slug":"caracteriticas-tsar","status":"publish","type":"page","link":"https:\/\/isp9-sfe.infd.edu.ar\/sitio\/caracteriticas-tsar\/","title":{"rendered":"Caracter\u00edsticas TSAR"},"content":{"rendered":"\n<p>Formaci\u00f3n profesional con capacidad para organizar, programar, ejecutar y controlar las operaciones comerciales, financieras y administrativas de organizaciones agropecuarias.<\/p>\n\n\n\n<p>La especificidad de su formaci\u00f3n le permitir\u00e1 adaptarse a los cambios constantes del sistema productivo propio del sector, con un perfil creativo e innovador y con la impronta de trabajo en equipo.<\/p>\n\n\n\n<p>La carrera de T\u00e9cnico Superior en Administraci\u00f3n Rural responde a la necesidad de formar profesionales capaces de cumplir funciones en la administraci\u00f3n y en la organizaci\u00f3n de empresas agropecuarias.<\/p>\n\n\n\n<p>Tiene como objeto principal capacitar profesionalmente a los estudiantes para organizar y dirigir sistemas de producci\u00f3n agropecuarios, aplicando t\u00e9cnicas y recursos humanos, con el fin de manejarlos econ\u00f3mica y financieramente.<\/p>\n\n\n\n<p>La continua evoluci\u00f3n de la tecnolog\u00eda (tanto tecnolog\u00eda en insumos como tecnolog\u00eda de procesos) junto a los profundos cambios de contexto, provocan importantes cambios en la empresa agropecuaria; es por ello que la Instituci\u00f3n se aboca a la formaci\u00f3n de personas preparadas para enfrentar los desaf\u00edos que las mismas deben afrontar.<br><br>Por ende, los egresados \u201aT\u00e9cnicos Superiores en Administraci\u00f3n Rural\u201a est\u00e1n capacitados para cumplir funciones:<\/p>\n\n\n\n<ul>\n<li>T\u00e9cnicas.<\/li>\n\n\n\n<li>Contables, comerciales, financieras.<\/li>\n\n\n\n<li>De planeamiento y planificaci\u00f3n.<\/li>\n\n\n\n<li>Organizaci\u00f3n y conducci\u00f3n de empresas agropecuarias.<\/li>\n<\/ul>\n\n\n\n<p><\/p>\n\n\n\n<p><strong>CAMPO LABORAL<\/strong><\/p>\n\n\n\n<p>Podr\u00e1 desarrollar sus actividades en grandes, peque\u00f1as y medianas empresas dedicadas a la actividad agropecuaria, as\u00ed como tambi\u00e9n en micro emprendimientos.<\/p>\n\n\n\n<p><\/p>\n\n\n\n<p><strong>PERFIL<\/strong><\/p>\n\n\n\n<p>El T\u00e9cnico Superior en Administraci\u00f3n Rural cuenta con los conocimientos necesarios para poder concretar con solvencia el objetivo perseguido.<\/p>\n\n\n\n<p><br>El T\u00e9cnico Superior en Administraci\u00f3n Rural conoce:<\/p>\n\n\n\n<p>Matem\u00e1tica, estad\u00edstica para trabajar con ecuaciones, funciones y probabilidades, as\u00ed como analizar la relaci\u00f3n entre variables, muestras y comparar poblaciones.<br>Inform\u00e1tica para resolver los problemas de optimizaci\u00f3n, simulaci\u00f3n y evaluaci\u00f3n que se le presenten en su trabajo.<\/p>\n\n\n\n<p>El idioma ingl\u00e9s, para comprender terminolog\u00eda espec\u00edfica. Dispone de conocimientos macro y microecon\u00f3micos para interpretar la situaci\u00f3n general en que debe desempe\u00f1arse la empresa, para calcular costos e ingresos, definir beneficios y rentabilidad, controlar, planificar, determinar la eficiencia en el uso de los recursos, analizar la situaci\u00f3n financiera y evaluar inversiones.<\/p>\n\n\n\n<p>Adem\u00e1s, tiene conocimientos sobre legislaci\u00f3n agropecuaria, prevenci\u00f3n de la salud, sociolog\u00eda, etc. que tienen destacada importancia en la administraci\u00f3n de la empresa.<\/p>\n\n\n\n<p><strong>Podr\u00e1 desempe\u00f1arse en organizaciones dedicadas a:<\/strong><\/p>\n\n\n\n<ul>\n<li>Ganader\u00eda<\/li>\n\n\n\n<li>Cultivos<\/li>\n\n\n\n<li>Fabricaci\u00f3n de productos regionales, entre otras.<\/li>\n<\/ul>\n\n\n\n<p><strong>Podr\u00e1 adem\u00e1s cumplir distintas funciones dentro de las \u00e1reas de la organizaci\u00f3n:<\/strong><\/p>\n\n\n\n<ul>\n<li>Direcci\u00f3n y planeamiento<\/li>\n\n\n\n<li>Producci\u00f3n<\/li>\n\n\n\n<li>Recursos humanos<\/li>\n\n\n\n<li>Compras<\/li>\n\n\n\n<li>Comercializaci\u00f3n y comercio exterior<\/li>\n\n\n\n<li>Financiaci\u00f3n<\/li>\n\n\n\n<li>Contabilizaci\u00f3n<\/li>\n\n\n\n<li>Gesti\u00f3n integral<\/li>\n<\/ul>\n","protected":false},"excerpt":{"rendered":"<p>Formaci\u00f3n profesional con capacidad para organizar, programar, ejecutar y controlar las operaciones comerciales, financieras y administrativas de organizaciones agropecuarias. La especificidad de su formaci\u00f3n le permitir\u00e1 adaptarse a los cambios constantes del sistema productivo propio del sector, con un perfil creativo e innovador y con la impronta de trabajo en equipo. La carrera de T\u00e9cnico &#8230; <a title=\"Caracter\u00edsticas TSAR\" class=\"read-more\" href=\"https:\/\/isp9-sfe.infd.edu.ar\/sitio\/caracteriticas-tsar\/\" aria-label=\"More on Caracter\u00edsticas TSAR\">[+]<\/a><\/p>\n","protected":false},"author":129,"featured_media":0,"parent":0,"menu_order":0,"comment_status":"closed","ping_status":"closed","template":"","meta":[],"acf":[],"_links":{"self":[{"href":"https:\/\/isp9-sfe.infd.edu.ar\/sitio\/wp-json\/wp\/v2\/pages\/1843"}],"collection":[{"href":"https:\/\/isp9-sfe.infd.edu.ar\/sitio\/wp-json\/wp\/v2\/pages"}],"about":[{"href":"https:\/\/isp9-sfe.infd.edu.ar\/sitio\/wp-json\/wp\/v2\/types\/page"}],"author":[{"embeddable":true,"href":"https:\/\/isp9-sfe.infd.edu.ar\/sitio\/wp-json\/wp\/v2\/users\/129"}],"replies":[{"embeddable":true,"href":"https:\/\/isp9-sfe.infd.edu.ar\/sitio\/wp-json\/wp\/v2\/comments?post=1843"}],"version-history":[{"count":2,"href":"https:\/\/isp9-sfe.infd.edu.ar\/sitio\/wp-json\/wp\/v2\/pages\/1843\/revisions"}],"predecessor-version":[{"id":1847,"href":"https:\/\/isp9-sfe.infd.edu.ar\/sitio\/wp-json\/wp\/v2\/pages\/1843\/revisions\/1847"}],"wp:attachment":[{"href":"https:\/\/isp9-sfe.infd.edu.ar\/sitio\/wp-json\/wp\/v2\/media?parent=1843"}],"curies":[{"name":"wp","href":"https:\/\/api.w.org\/{rel}","templated":true}]}}