{"id":1754,"date":"2023-09-26T07:59:10","date_gmt":"2023-09-26T10:59:10","guid":{"rendered":"https:\/\/isp9-sfe.infd.edu.ar\/sitio\/?page_id=1754"},"modified":"2025-11-11T19:22:59","modified_gmt":"2025-11-11T22:22:59","slug":"ingresantes-2","status":"publish","type":"page","link":"https:\/\/isp9-sfe.infd.edu.ar\/sitio\/ingresantes-2\/","title":{"rendered":"CICLO LECTIVO 2026"},"content":{"rendered":"\n<p>Desde el <strong>05\/11\/2025<\/strong> al <strong>17\/12\/2025<\/strong> se llevar\u00e1 a cabo la primera convocatoria a inscripciones para el ciclo lectivo 2026 en las siguientes carreras:<\/p>\n\n\n\n<ul>\n<li><img decoding=\"async\" loading=\"lazy\" width=\"32\" height=\"31\" src=\"https:\/\/isp9-sfe.infd.edu.ar\/sitio\/wp-content\/uploads\/2020\/11\/IconoPDF.jpg\" alt=\"\"> <strong><a href=\"https:\/\/isp9-sfe.infd.edu.ar\/sitio\/wp-content\/uploads\/2025\/09\/SolicitudInscripcionProfEducPrimaria-A2026.pdf\" target=\"_blank\" rel=\"noreferrer noopener\">Profesorado de Educaci\u00f3n Primaria (4 a\u00f1os de duraci\u00f3n)<\/a><\/strong><\/li>\n\n\n\n<li><img decoding=\"async\" loading=\"lazy\" width=\"32\" height=\"31\" src=\"https:\/\/isp9-sfe.infd.edu.ar\/sitio\/wp-content\/uploads\/2020\/11\/IconoPDF.jpg\" alt=\"\"> <strong><a href=\"https:\/\/isp9-sfe.infd.edu.ar\/sitio\/wp-content\/uploads\/2025\/09\/SolicitudInscripcionProfEducInicial-2026.pdf\" target=\"_blank\" rel=\"noreferrer noopener\">Profesorado de Educaci\u00f3n Inicial (4 a\u00f1os de duraci\u00f3n)<\/a><\/strong> <\/li>\n\n\n\n<li><strong><a href=\"https:\/\/isp9-sfe.infd.edu.ar\/sitio\/wp-content\/uploads\/2025\/09\/SolicitudInscripcionProfEducEspecial-A2026.pdf\" target=\"_blank\" rel=\"noreferrer noopener\"><img decoding=\"async\" loading=\"lazy\" width=\"32\" height=\"31\" src=\"https:\/\/isp9-sfe.infd.edu.ar\/sitio\/wp-content\/uploads\/2020\/11\/IconoPDF.jpg\" alt=\"\">Profesorado de Educaci\u00f3n Especial con orientaci\u00f3n en Discapacidad Intelectual (4 a\u00f1os de duraci\u00f3n)<\/a><\/strong><\/li>\n<\/ul>\n\n\n\n<ul>\n<li><img decoding=\"async\" loading=\"lazy\" width=\"32\" height=\"31\" src=\"https:\/\/isp9-sfe.infd.edu.ar\/sitio\/wp-content\/uploads\/2020\/11\/IconoPDF.jpg\" alt=\"\"> <strong><a href=\"https:\/\/isp9-sfe.infd.edu.ar\/sitio\/wp-content\/uploads\/2025\/09\/SolicitudInscripcionTecnicoSupDesSoftware-A2026.pdf\" target=\"_blank\" rel=\"noreferrer noopener\">T\u00e9cnico Superior en Desarrollo de Software (3 a\u00f1os de duraci\u00f3n) <\/a><\/strong><\/li>\n\n\n\n<li><strong><a rel=\"noreferrer noopener\" href=\"https:\/\/isp9-sfe.infd.edu.ar\/sitio\/wp-content\/uploads\/2023\/09\/SolicitudInscripcionProfEducEspecial-2024.pdf\" target=\"_blank\"><img decoding=\"async\" loading=\"lazy\" width=\"32\" height=\"31\" src=\"https:\/\/isp9-sfe.infd.edu.ar\/sitio\/wp-content\/uploads\/2020\/11\/IconoPDF.jpg\" alt=\"\"><\/a><\/strong> <strong><a href=\"https:\/\/isp9-sfe.infd.edu.ar\/sitio\/wp-content\/uploads\/2025\/09\/SolicitudInscripcionTecnicoSuperiorEnGestion-A2026.pdf\" target=\"_blank\" rel=\"noreferrer noopener\">T\u00e9cnico Superior en Gesti\u00f3n de las Organizaciones (3 a\u00f1os de duraci\u00f3n)<\/a><\/strong><\/li>\n\n\n\n<li><strong><a rel=\"noreferrer noopener\" href=\"https:\/\/isp9-sfe.infd.edu.ar\/sitio\/wp-content\/uploads\/2023\/09\/SolicitudInscripcionTecnicoSuperiorAdmRural-2024.pdf\" target=\"_blank\"><img decoding=\"async\" loading=\"lazy\" width=\"32\" height=\"31\" src=\"https:\/\/isp9-sfe.infd.edu.ar\/sitio\/wp-content\/uploads\/2020\/11\/IconoPDF.jpg\" alt=\"\"><\/a><\/strong> <strong><a href=\"https:\/\/isp9-sfe.infd.edu.ar\/sitio\/wp-content\/uploads\/2025\/09\/SolicitudInscripcionTecnicoSuperiorAdmRural-A2026.pdf\" target=\"_blank\" rel=\"noreferrer noopener\">T\u00e9cnico Superior en Administraci\u00f3n Rural (3 a\u00f1os de duraci\u00f3n) <\/a><\/strong><\/li>\n\n\n\n<li><strong><a rel=\"noreferrer noopener\" href=\"https:\/\/isp9-sfe.infd.edu.ar\/sitio\/wp-content\/uploads\/2023\/09\/SolicitudInscripcionTecnicoSuperiorEnEnfermeria-2024.pdf\" target=\"_blank\"><img decoding=\"async\" loading=\"lazy\" width=\"32\" height=\"31\" src=\"https:\/\/isp9-sfe.infd.edu.ar\/sitio\/wp-content\/uploads\/2020\/11\/IconoPDF.jpg\" alt=\"\"><\/a><\/strong> <strong><a href=\"https:\/\/isp9-sfe.infd.edu.ar\/sitio\/wp-content\/uploads\/2025\/09\/SolicitudInscripcionTecnicoSuperiorEnEnfermeria-A2026.pdf\" target=\"_blank\" rel=\"noreferrer noopener\">T\u00e9cnico Superior en Enfermer\u00eda (3 a\u00f1os de duraci\u00f3n) <\/a><\/strong><\/li>\n<\/ul>\n\n\n\n<h6 class=\"wp-block-heading\">Los requisitos de ingreso son:<\/h6>\n\n\n\n<ul>\n<li><strong>Planilla de inscripci\u00f3n completa<\/strong>.<\/li>\n\n\n\n<li><strong>Fotocopia DNI (frente y dorso)<\/strong>.<\/li>\n\n\n\n<li><strong>2 fotos 4&#215;4 (actual)<\/strong><\/li>\n\n\n\n<li><strong>Fotocopia de T\u00edtulo Nivel Secundario o Constancia de Titulo en Tr\u00e1mite; Constancia de Estudios Incompleto o Constancia de Alumno Regular<\/strong>.<\/li>\n\n\n\n<li><strong>Partida de nacimiento (solo anotados en otra provincia)<\/strong>.<\/li>\n\n\n\n<li><strong>Certificado m\u00e9dico emitido por organismos p\u00fablicos o privados<\/strong>.<\/li>\n<\/ul>\n\n\n\n<h6 class=\"wp-block-heading\">Secretar\u00eda: horarios de atenci\u00f3n:<\/h6>\n\n\n\n<ul>\n<li><strong>Por la ma\u00f1ana de  08:00 a 11:00 Hs<\/strong>.<\/li>\n\n\n\n<li><strong>Por la tarde de  16:00 a 20:00 Hs<\/strong>.<\/li>\n<\/ul>\n\n\n\n<p><\/p>\n\n\n\n<p><strong>TEL\u00c9FONO: &nbsp;03491-471747<\/strong><\/p>\n\n\n\n<p><strong>PLATAFORMA:&nbsp;<a href=\"http:\/\/isp9-sfe.infd.edu.ar\/\">https\/\/isp9-sfe.infd.edu.ar\/<\/a><\/strong><\/p>\n\n\n\n<p><strong>FACEBOOK:<\/strong>&nbsp;<a href=\"https:\/\/www.facebook.com\/Instituto-Superior-de-Profesorado-N9-410148382374391\/\" target=\"_blank\" rel=\"noreferrer noopener\">Instituto de Educaci\u00f3n Superior N\u00b09<\/a><\/p>\n\n\n\n<p><\/p>\n\n\n\n<p><a rel=\"noreferrer noopener\" href=\"https:\/\/isp9-sfe.infd.edu.ar\/sitio\/wp-content\/uploads\/2020\/11\/Solicitud-Inscripcion-T\u00e9cnico-Superior-en-Administracion-Rural-.pdf\" target=\"_blank\"><\/a><\/p>\n\n\n\n<p><\/p>\n","protected":false},"excerpt":{"rendered":"<p>Desde el 05\/11\/2025 al 17\/12\/2025 se llevar\u00e1 a cabo la primera convocatoria a inscripciones para el ciclo lectivo 2026 en las siguientes carreras: Los requisitos de ingreso son: Secretar\u00eda: horarios de atenci\u00f3n: TEL\u00c9FONO: &nbsp;03491-471747 PLATAFORMA:&nbsp;https\/\/isp9-sfe.infd.edu.ar\/ FACEBOOK:&nbsp;Instituto de Educaci\u00f3n Superior N\u00b09<\/p>\n","protected":false},"author":129,"featured_media":0,"parent":0,"menu_order":0,"comment_status":"closed","ping_status":"closed","template":"","meta":[],"acf":[],"_links":{"self":[{"href":"https:\/\/isp9-sfe.infd.edu.ar\/sitio\/wp-json\/wp\/v2\/pages\/1754"}],"collection":[{"href":"https:\/\/isp9-sfe.infd.edu.ar\/sitio\/wp-json\/wp\/v2\/pages"}],"about":[{"href":"https:\/\/isp9-sfe.infd.edu.ar\/sitio\/wp-json\/wp\/v2\/types\/page"}],"author":[{"embeddable":true,"href":"https:\/\/isp9-sfe.infd.edu.ar\/sitio\/wp-json\/wp\/v2\/users\/129"}],"replies":[{"embeddable":true,"href":"https:\/\/isp9-sfe.infd.edu.ar\/sitio\/wp-json\/wp\/v2\/comments?post=1754"}],"version-history":[{"count":43,"href":"https:\/\/isp9-sfe.infd.edu.ar\/sitio\/wp-json\/wp\/v2\/pages\/1754\/revisions"}],"predecessor-version":[{"id":2104,"href":"https:\/\/isp9-sfe.infd.edu.ar\/sitio\/wp-json\/wp\/v2\/pages\/1754\/revisions\/2104"}],"wp:attachment":[{"href":"https:\/\/isp9-sfe.infd.edu.ar\/sitio\/wp-json\/wp\/v2\/media?parent=1754"}],"curies":[{"name":"wp","href":"https:\/\/api.w.org\/{rel}","templated":true}]}}