{"id":1626,"date":"2023-08-22T16:10:19","date_gmt":"2023-08-22T19:10:19","guid":{"rendered":"https:\/\/isp9-sfe.infd.edu.ar\/sitio\/?page_id=1626"},"modified":"2023-09-03T23:17:38","modified_gmt":"2023-09-04T02:17:38","slug":"galeria","status":"publish","type":"page","link":"https:\/\/isp9-sfe.infd.edu.ar\/sitio\/galeria\/","title":{"rendered":"GALER\u00cdA"},"content":{"rendered":"\n<hr class=\"wp-block-separator has-alpha-channel-opacity\"\/>\n\n\n\n<p>\u00abTALLER DE LABORATORIO\u2026 NOS ACERCAMOS AL DISE\u00d1O EXPERIMENTAL\u00bb. Dictado por la Prof. Mariana Morand  destinado a docente coformadores.<\/p>\n\n\n\n<figure class=\"wp-block-gallery has-nested-images columns-default is-cropped wp-block-gallery-1 is-layout-flex\">\n<figure class=\"wp-block-image size-large\"><img decoding=\"async\" loading=\"lazy\" width=\"1280\" height=\"576\" data-id=\"1666\"  src=\"https:\/\/isp9-sfe.infd.edu.ar\/sitio\/wp-content\/uploads\/2023\/09\/Taller02.jpeg\" alt=\"\" class=\"wp-image-1666\" srcset=\"https:\/\/isp9-sfe.infd.edu.ar\/sitio\/wp-content\/uploads\/2023\/09\/Taller02.jpeg 1280w, https:\/\/isp9-sfe.infd.edu.ar\/sitio\/wp-content\/uploads\/2023\/09\/Taller02-1000x450.jpeg 1000w, https:\/\/isp9-sfe.infd.edu.ar\/sitio\/wp-content\/uploads\/2023\/09\/Taller02-768x346.jpeg 768w\" sizes=\"(max-width: 1280px) 100vw, 1280px\" \/><\/figure>\n\n\n\n<figure class=\"wp-block-image size-large\"><img decoding=\"async\" loading=\"lazy\" width=\"1280\" height=\"576\" data-id=\"1667\"  src=\"https:\/\/isp9-sfe.infd.edu.ar\/sitio\/wp-content\/uploads\/2023\/09\/Taller01.jpeg\" alt=\"\" class=\"wp-image-1667\" srcset=\"https:\/\/isp9-sfe.infd.edu.ar\/sitio\/wp-content\/uploads\/2023\/09\/Taller01.jpeg 1280w, https:\/\/isp9-sfe.infd.edu.ar\/sitio\/wp-content\/uploads\/2023\/09\/Taller01-1000x450.jpeg 1000w, https:\/\/isp9-sfe.infd.edu.ar\/sitio\/wp-content\/uploads\/2023\/09\/Taller01-768x346.jpeg 768w\" sizes=\"(max-width: 1280px) 100vw, 1280px\" \/><\/figure>\n<\/figure>\n\n\n\n<figure class=\"wp-block-gallery has-nested-images columns-default is-cropped wp-block-gallery-3 is-layout-flex\">\n<figure class=\"wp-block-image size-large\"><img decoding=\"async\" loading=\"lazy\" width=\"576\" height=\"1280\" data-id=\"1665\"  src=\"https:\/\/isp9-sfe.infd.edu.ar\/sitio\/wp-content\/uploads\/2023\/09\/Taller04.jpeg\" alt=\"\" class=\"wp-image-1665\" srcset=\"https:\/\/isp9-sfe.infd.edu.ar\/sitio\/wp-content\/uploads\/2023\/09\/Taller04.jpeg 576w, https:\/\/isp9-sfe.infd.edu.ar\/sitio\/wp-content\/uploads\/2023\/09\/Taller04-450x1000.jpeg 450w\" sizes=\"(max-width: 576px) 100vw, 576px\" \/><\/figure>\n\n\n\n<figure class=\"wp-block-image size-large\"><img decoding=\"async\" loading=\"lazy\" width=\"576\" height=\"1280\" data-id=\"1664\"  src=\"https:\/\/isp9-sfe.infd.edu.ar\/sitio\/wp-content\/uploads\/2023\/09\/Taller07.jpeg\" alt=\"\" class=\"wp-image-1664\" srcset=\"https:\/\/isp9-sfe.infd.edu.ar\/sitio\/wp-content\/uploads\/2023\/09\/Taller07.jpeg 576w, https:\/\/isp9-sfe.infd.edu.ar\/sitio\/wp-content\/uploads\/2023\/09\/Taller07-450x1000.jpeg 450w\" sizes=\"(max-width: 576px) 100vw, 576px\" \/><\/figure>\n\n\n\n<figure class=\"wp-block-image size-large\"><img decoding=\"async\" loading=\"lazy\" width=\"576\" height=\"1280\" data-id=\"1663\"  src=\"https:\/\/isp9-sfe.infd.edu.ar\/sitio\/wp-content\/uploads\/2023\/09\/Taller05.jpeg\" alt=\"\" class=\"wp-image-1663\" srcset=\"https:\/\/isp9-sfe.infd.edu.ar\/sitio\/wp-content\/uploads\/2023\/09\/Taller05.jpeg 576w, https:\/\/isp9-sfe.infd.edu.ar\/sitio\/wp-content\/uploads\/2023\/09\/Taller05-450x1000.jpeg 450w\" sizes=\"(max-width: 576px) 100vw, 576px\" \/><\/figure>\n\n\n\n<figure class=\"wp-block-image size-large\"><img decoding=\"async\" loading=\"lazy\" width=\"576\" height=\"1280\" data-id=\"1662\"  src=\"https:\/\/isp9-sfe.infd.edu.ar\/sitio\/wp-content\/uploads\/2023\/09\/Taller06.jpeg\" alt=\"\" class=\"wp-image-1662\" srcset=\"https:\/\/isp9-sfe.infd.edu.ar\/sitio\/wp-content\/uploads\/2023\/09\/Taller06.jpeg 576w, https:\/\/isp9-sfe.infd.edu.ar\/sitio\/wp-content\/uploads\/2023\/09\/Taller06-450x1000.jpeg 450w\" sizes=\"(max-width: 576px) 100vw, 576px\" \/><\/figure>\n\n\n\n<figure class=\"wp-block-image size-large\"><img decoding=\"async\" loading=\"lazy\" width=\"576\" height=\"1280\" data-id=\"1661\"  src=\"https:\/\/isp9-sfe.infd.edu.ar\/sitio\/wp-content\/uploads\/2023\/09\/Taller08.jpeg\" alt=\"\" class=\"wp-image-1661\" srcset=\"https:\/\/isp9-sfe.infd.edu.ar\/sitio\/wp-content\/uploads\/2023\/09\/Taller08.jpeg 576w, https:\/\/isp9-sfe.infd.edu.ar\/sitio\/wp-content\/uploads\/2023\/09\/Taller08-450x1000.jpeg 450w\" sizes=\"(max-width: 576px) 100vw, 576px\" \/><\/figure>\n<\/figure>\n\n\n\n<hr class=\"wp-block-separator has-alpha-channel-opacity\"\/>\n\n\n\n<p>Presentaci\u00f3n a cargo de las alumnas Milagros Fern\u00e1ndez, Camila Fern\u00e1ndez y Juliana Galarza en el marco de la c\u00e1tedra Seminario de Integraci\u00f3n y S\u00edntesis a cargo de las profesoras Adriana Cabrera y Sof\u00eda Guti\u00e9rrez.<\/p>\n\n\n\n<div class=\"wp-block-group is-layout-constrained\"><div class=\"wp-block-group__inner-container\">\n<figure class=\"wp-block-gallery has-nested-images columns-default is-cropped wp-block-gallery-5 is-layout-flex\">\n<figure class=\"wp-block-image size-large\"><img decoding=\"async\" loading=\"lazy\" width=\"1200\" height=\"1600\" src=\"https:\/\/isp9-sfe.infd.edu.ar\/sitio\/wp-content\/uploads\/2023\/09\/Seminario02-3.jpeg\" alt=\"\" class=\"wp-image-1654\" srcset=\"https:\/\/isp9-sfe.infd.edu.ar\/sitio\/wp-content\/uploads\/2023\/09\/Seminario02-3.jpeg 1200w, https:\/\/isp9-sfe.infd.edu.ar\/sitio\/wp-content\/uploads\/2023\/09\/Seminario02-3-750x1000.jpeg 750w, https:\/\/isp9-sfe.infd.edu.ar\/sitio\/wp-content\/uploads\/2023\/09\/Seminario02-3-768x1024.jpeg 768w, https:\/\/isp9-sfe.infd.edu.ar\/sitio\/wp-content\/uploads\/2023\/09\/Seminario02-3-1152x1536.jpeg 1152w\" sizes=\"(max-width: 1200px) 100vw, 1200px\" \/><\/figure>\n\n\n\n<figure class=\"wp-block-image size-large\"><img decoding=\"async\" loading=\"lazy\" width=\"1600\" height=\"1200\" src=\"https:\/\/isp9-sfe.infd.edu.ar\/sitio\/wp-content\/uploads\/2023\/09\/Seminario03-3.jpeg\" alt=\"\" class=\"wp-image-1652\" srcset=\"https:\/\/isp9-sfe.infd.edu.ar\/sitio\/wp-content\/uploads\/2023\/09\/Seminario03-3.jpeg 1600w, https:\/\/isp9-sfe.infd.edu.ar\/sitio\/wp-content\/uploads\/2023\/09\/Seminario03-3-1000x750.jpeg 1000w, https:\/\/isp9-sfe.infd.edu.ar\/sitio\/wp-content\/uploads\/2023\/09\/Seminario03-3-768x576.jpeg 768w, https:\/\/isp9-sfe.infd.edu.ar\/sitio\/wp-content\/uploads\/2023\/09\/Seminario03-3-1536x1152.jpeg 1536w\" sizes=\"(max-width: 1600px) 100vw, 1600px\" \/><\/figure>\n\n\n\n<figure class=\"wp-block-image size-large\"><img decoding=\"async\" loading=\"lazy\" width=\"1600\" height=\"1200\" src=\"https:\/\/isp9-sfe.infd.edu.ar\/sitio\/wp-content\/uploads\/2023\/09\/Seminario04-3.jpeg\" alt=\"\" class=\"wp-image-1651\" srcset=\"https:\/\/isp9-sfe.infd.edu.ar\/sitio\/wp-content\/uploads\/2023\/09\/Seminario04-3.jpeg 1600w, https:\/\/isp9-sfe.infd.edu.ar\/sitio\/wp-content\/uploads\/2023\/09\/Seminario04-3-1000x750.jpeg 1000w, https:\/\/isp9-sfe.infd.edu.ar\/sitio\/wp-content\/uploads\/2023\/09\/Seminario04-3-768x576.jpeg 768w, https:\/\/isp9-sfe.infd.edu.ar\/sitio\/wp-content\/uploads\/2023\/09\/Seminario04-3-1536x1152.jpeg 1536w\" sizes=\"(max-width: 1600px) 100vw, 1600px\" \/><\/figure>\n\n\n\n<figure class=\"wp-block-image size-large\"><img decoding=\"async\" loading=\"lazy\" width=\"1288\" height=\"966\" src=\"https:\/\/isp9-sfe.infd.edu.ar\/sitio\/wp-content\/uploads\/2023\/09\/Seminario01-3.jpeg\" alt=\"\" class=\"wp-image-1653\" srcset=\"https:\/\/isp9-sfe.infd.edu.ar\/sitio\/wp-content\/uploads\/2023\/09\/Seminario01-3.jpeg 1288w, https:\/\/isp9-sfe.infd.edu.ar\/sitio\/wp-content\/uploads\/2023\/09\/Seminario01-3-1000x750.jpeg 1000w, https:\/\/isp9-sfe.infd.edu.ar\/sitio\/wp-content\/uploads\/2023\/09\/Seminario01-3-768x576.jpeg 768w\" sizes=\"(max-width: 1288px) 100vw, 1288px\" \/><figcaption class=\"wp-element-caption\">Presentaci\u00f3n de investigaciones realizadas en el marco de nuestra c\u00e1tedra Seminario de Integraci\u00f3n y S\u00edntesis<\/figcaption><\/figure>\n<\/figure>\n<\/div><\/div>\n\n\n\n<figure class=\"wp-block-gallery has-nested-images columns-default is-cropped wp-block-gallery-8 is-layout-flex\"><\/figure>\n\n\n\n<figure class=\"wp-block-gallery has-nested-images columns-default is-cropped wp-block-gallery-10 is-layout-flex\"><\/figure>\n\n\n\n<p><\/p>\n","protected":false},"excerpt":{"rendered":"<p>\u00abTALLER DE LABORATORIO\u2026 NOS ACERCAMOS AL DISE\u00d1O EXPERIMENTAL\u00bb. Dictado por la Prof. Mariana Morand destinado a docente coformadores. Presentaci\u00f3n a cargo de las alumnas Milagros Fern\u00e1ndez, Camila Fern\u00e1ndez y Juliana Galarza en el marco de la c\u00e1tedra Seminario de Integraci\u00f3n y S\u00edntesis a cargo de las profesoras Adriana Cabrera y Sof\u00eda Guti\u00e9rrez.<\/p>\n","protected":false},"author":129,"featured_media":0,"parent":0,"menu_order":0,"comment_status":"closed","ping_status":"closed","template":"","meta":[],"acf":[],"_links":{"self":[{"href":"https:\/\/isp9-sfe.infd.edu.ar\/sitio\/wp-json\/wp\/v2\/pages\/1626"}],"collection":[{"href":"https:\/\/isp9-sfe.infd.edu.ar\/sitio\/wp-json\/wp\/v2\/pages"}],"about":[{"href":"https:\/\/isp9-sfe.infd.edu.ar\/sitio\/wp-json\/wp\/v2\/types\/page"}],"author":[{"embeddable":true,"href":"https:\/\/isp9-sfe.infd.edu.ar\/sitio\/wp-json\/wp\/v2\/users\/129"}],"replies":[{"embeddable":true,"href":"https:\/\/isp9-sfe.infd.edu.ar\/sitio\/wp-json\/wp\/v2\/comments?post=1626"}],"version-history":[{"count":9,"href":"https:\/\/isp9-sfe.infd.edu.ar\/sitio\/wp-json\/wp\/v2\/pages\/1626\/revisions"}],"predecessor-version":[{"id":1676,"href":"https:\/\/isp9-sfe.infd.edu.ar\/sitio\/wp-json\/wp\/v2\/pages\/1626\/revisions\/1676"}],"wp:attachment":[{"href":"https:\/\/isp9-sfe.infd.edu.ar\/sitio\/wp-json\/wp\/v2\/media?parent=1626"}],"curies":[{"name":"wp","href":"https:\/\/api.w.org\/{rel}","templated":true}]}}