{"id":1482,"date":"2022-12-12T19:56:31","date_gmt":"2022-12-12T22:56:31","guid":{"rendered":"https:\/\/isp9-sfe.infd.edu.ar\/sitio\/?page_id=1482"},"modified":"2026-03-26T08:50:11","modified_gmt":"2026-03-26T11:50:11","slug":"autoridades","status":"publish","type":"page","link":"https:\/\/isp9-sfe.infd.edu.ar\/sitio\/autoridades\/","title":{"rendered":"Autoridades"},"content":{"rendered":"\n<p><\/p>\n\n\n\n<figure class=\"wp-block-table\"><table><tbody><tr><td class=\"has-text-align-right\" data-align=\"right\">Directora:<\/td><td><strong>Prof. Susana Rodr\u00edguez<\/strong><\/td><\/tr><tr><td class=\"has-text-align-right\" data-align=\"right\">Regente:<\/td><td><strong>Prof. Paula Bocos<\/strong><\/td><\/tr><tr><td class=\"has-text-align-right\" data-align=\"right\">Jefe de Secci\u00f3n Pr\u00e1cticas Docentes:<\/td><td><strong>Prof. Nidia Ojeda<\/strong><\/td><\/tr><tr><td class=\"has-text-align-right\" data-align=\"right\">Jefe de Secci\u00f3n Capacitaci\u00f3n e Investigaci\u00f3n:<\/td><td><strong>Prof. Daniela Far\u00edas <\/strong><\/td><\/tr><tr><td class=\"has-text-align-right\" data-align=\"right\">Jefa de Secci\u00f3n Profesorado de Educaci\u00f3n Primaria:<\/td><td><strong>Prof. \u00c9rica Muga<\/strong><\/td><\/tr><tr><td class=\"has-text-align-right\" data-align=\"right\">Jefa de Secci\u00f3n Profesorado de Educaci\u00f3n Inicial:<\/td><td><strong>Prof. Franco Visgarra<\/strong><\/td><\/tr><tr><td class=\"has-text-align-right\" data-align=\"right\">Jefa de Secci\u00f3n Profesorado de Educaci\u00f3n Especial <br>con Orientaci\u00f3n en Discapacidad Intelectual:<\/td><td><strong>Prof. Gonzalo Tolosa<\/strong><\/td><\/tr><tr><td class=\"has-text-align-right\" data-align=\"right\">Jefa de Secci\u00f3n T\u00e9cnico Superior en Gesti\u00f3n<br> de las Organizaciones:<\/td><td><strong>Prof. Mauro Mi\u00f1o <\/strong><\/td><\/tr><tr><td class=\"has-text-align-right\" data-align=\"right\">Jefa de Secci\u00f3n T\u00e9cnico Superior<br>en Desarrollo de Software:<\/td><td><strong>Prof. Soledad Haidar<\/strong><\/td><\/tr><tr><td class=\"has-text-align-right\" data-align=\"right\">Jefa de Secci\u00f3n T\u00e9cnico Superior<br>en Administraci\u00f3n Rural:<\/td><td><strong>Prof. Elias Bravo<\/strong><\/td><\/tr><tr><td class=\"has-text-align-right\" data-align=\"right\">Coordinadora de T\u00e9cnico Superior en Enfermer\u00eda:<\/td><td><strong>Prof. Cintia Torres<\/strong><\/td><\/tr><\/tbody><\/table><\/figure>\n","protected":false},"excerpt":{"rendered":"<p>Directora: Prof. Susana Rodr\u00edguez Regente: Prof. Paula Bocos Jefe de Secci\u00f3n Pr\u00e1cticas Docentes: Prof. Nidia Ojeda Jefe de Secci\u00f3n Capacitaci\u00f3n e Investigaci\u00f3n: Prof. Daniela Far\u00edas Jefa de Secci\u00f3n Profesorado de Educaci\u00f3n Primaria: Prof. \u00c9rica Muga Jefa de Secci\u00f3n Profesorado de Educaci\u00f3n Inicial: Prof. Franco Visgarra Jefa de Secci\u00f3n Profesorado de Educaci\u00f3n Especial con Orientaci\u00f3n en &#8230; <a title=\"Autoridades\" class=\"read-more\" href=\"https:\/\/isp9-sfe.infd.edu.ar\/sitio\/autoridades\/\" aria-label=\"More on Autoridades\">[+]<\/a><\/p>\n","protected":false},"author":129,"featured_media":0,"parent":0,"menu_order":0,"comment_status":"closed","ping_status":"closed","template":"","meta":[],"acf":[],"_links":{"self":[{"href":"https:\/\/isp9-sfe.infd.edu.ar\/sitio\/wp-json\/wp\/v2\/pages\/1482"}],"collection":[{"href":"https:\/\/isp9-sfe.infd.edu.ar\/sitio\/wp-json\/wp\/v2\/pages"}],"about":[{"href":"https:\/\/isp9-sfe.infd.edu.ar\/sitio\/wp-json\/wp\/v2\/types\/page"}],"author":[{"embeddable":true,"href":"https:\/\/isp9-sfe.infd.edu.ar\/sitio\/wp-json\/wp\/v2\/users\/129"}],"replies":[{"embeddable":true,"href":"https:\/\/isp9-sfe.infd.edu.ar\/sitio\/wp-json\/wp\/v2\/comments?post=1482"}],"version-history":[{"count":23,"href":"https:\/\/isp9-sfe.infd.edu.ar\/sitio\/wp-json\/wp\/v2\/pages\/1482\/revisions"}],"predecessor-version":[{"id":2128,"href":"https:\/\/isp9-sfe.infd.edu.ar\/sitio\/wp-json\/wp\/v2\/pages\/1482\/revisions\/2128"}],"wp:attachment":[{"href":"https:\/\/isp9-sfe.infd.edu.ar\/sitio\/wp-json\/wp\/v2\/media?parent=1482"}],"curies":[{"name":"wp","href":"https:\/\/api.w.org\/{rel}","templated":true}]}}